{"id":79,"date":"2024-01-20T12:23:02","date_gmt":"2024-01-20T12:23:02","guid":{"rendered":"http:\/\/gimise.com\/?page_id=79"},"modified":"2024-01-20T18:24:00","modified_gmt":"2024-01-20T18:24:00","slug":"mesmerize","status":"publish","type":"page","link":"https:\/\/gimise.com\/","title":{"rendered":"PRINCIPAL GIMISE"},"content":{"rendered":"<div  data-label=\"Overlappable\" data-id=\"overlappable--1\" data-export-id=\"overlappable-4-mc\" data-category=\"overlappable\" class=\"overlappable-4-mc content-section content-section-spacing\" data-overlap=\"true\" id=\"overlappable-1\" style=\"background-color: rgb(245, 250, 253); background-image: none;\"><div  class=\"gridContainer\"> <div  data-type=\"row\" class=\"row spaced-cols text-center\"><div  class=\"col-xs-12 col-sm-4 col-padding\"> <i  class=\"fa icon shadow-large-black aligncenter color1 fa-fighter-jet bordered round large\"><\/i> <div  data-type=\"column\" class=\"\"> <h5  class=\"font-400\"><u ><b ><i >DISE\u00d1O SISTEMAS DE ROCIADORES<\/i><\/b><\/u><\/h5> <p  class=\"\">Dise\u00f1amos los&nbsp;<span >SISTEMAS DE ROCIADORES<\/span> con base a requerimientos Internacionales y con apego a NFPA o FM. \n<br ><br >Revisamos los dise\u00f1os realizados por terceros con la finalidad de evaluar el cumplimiento de C\u00f3digos, Costos vs Seguridad.&nbsp;<\/p><\/div> <\/div> <div  class=\"col-xs-12 col-sm-4 col-padding\"> <i  class=\"fa icon shadow-large-black aligncenter color2 fa-assistive-listening-systems bordered round large\"><\/i> <div  data-type=\"column\" class=\"\"><h5  class=\"font-400\"><b ><u ><i >DISE\u00d1O SISTEMA DE ALARMA,DETECCION Y AGENTES LIMPIOS<\/i><\/u><\/b><\/h5> <p  class=\"\">Dise\u00f1amos los SISTEMAS DE ALARMA, DETECCI\u00d3N Y NOTIFICACI\u00d3N con forme a NFPA 1, 72, 70, 101 con la finalidad de obtener un sistema confiable, con equipos Aprobados y Listados; \n<br ><br >Dise\u00f1amos los sistemas de agentes limpios ya sea NOVEC y FM200\n<br ><br >Evaluamos la hermeticidad (estanqueidad) de los cuartos en cumplimiento con NFPA 2001 para agentes limpios<\/p><\/div> <\/div> <div  class=\"col-xs-12 col-sm-4 col-padding\"> <i  class=\"fa icon shadow-large-black aligncenter color4 fa-address-card-o bordered round large\"><\/i> <div  data-type=\"column\" class=\"\"><h5  class=\"font-400\"><b ><u ><i >CERTIFICACIONES QUE CONTAMOS DE LA NFPA<\/i><\/u><\/b><\/h5> <p  class=\"\">En la actualidad contamos con 2 certificaciones de la NFPA. &nbsp; &nbsp; &nbsp; &nbsp; &nbsp; &nbsp; &nbsp;&nbsp;&nbsp;\n<br ><br >La <b ><i >CFPS 5539<\/i> (Certified Fire Protection Specialist)<\/b> y \n<br >\n<br ><br >La <b ><i >CEIPMSR-20-015<\/i><\/b>&nbsp;(Especialista Certificado en Inspecci\u00f3n Pruebas y Mantenimiento de Sistemas de Rociadores) \u00bb Los requerimientos de la NFPA 25\u2033<\/p><\/div> <\/div><\/div> <\/div><\/div><div  id=\"ingenieria\" class=\"about-images-right-section-mc content-section content-section-spacing\" style=\"background-color: #f5fafd;\" data-label=\"Ingenieria\" data-id=\"about-images-right-section-mc\" data-export-id=\"about-images-right-section-mc\" data-bullets-visibility=\"true\" data-category=\"about\">\n<div  class=\"gridContainer\">\n<div  class=\"row middle-sm text-center\">\n<div  class=\"col-sm-5 content-left-sm\" data-type=\"column\">\n<h5  class=\"\"><b ><u >\u00a1\u00a1\u00a1OFRECEMOS &nbsp;A NUESTROS CLIENTES!!!<\/u><\/b><\/h5>\n<h2  class=\"\"><span  style=\"font-family: Playfair Display,sans-serif; font-weight: bold; font-style: italic;\"><span  style=\"color: #ff0000;\">\u00a1Seguridad y Soluciones con Ingenier\u00eda!<\/span><\/span>&nbsp;\n<br >para sus <i >proyectos, mantenimiento, Integridad Mec\u00e1nica<\/i>&nbsp;Capacitaci\u00f3n y m\u00e1s!<\/h2>\nNuestros servicios est\u00e1n siempre enfocados para dar cumplimiento a los c\u00f3digos y normas, tales como .&nbsp;La capacitaci\u00f3n que ofrecemos es realizada para dar cumplimiento los requerimientos del cliente, ofrecemos las constancias de habilidades DC-3\n\n\n\n<\/div>\n<div  class=\"col-sm-7 space-bottom-xs\">\n<div  class=\"image-group-side-3-img\"><img decoding=\"async\"  class=\"topimg shadow-large\" src=\"http:\/\/gimise.com\/wp-content\/themes\/highlight\/customizer\/sections\/images\/cropped-paper-571937_1920.jpg\"> <img decoding=\"async\"  class=\"rightimg shadow-large\" src=\"http:\/\/gimise.com\/wp-content\/uploads\/2021\/01\/cropped-cropped-Captura-de-pantalla-2021-01-07-a-las-08.52.40.png\" title=\"cropped-cropped-Captura-de-pantalla-2021-01-07-a-las-08.52.40.png\" alt=\"\">\n<div  class=\"leftimg\"><img decoding=\"async\"  class=\"shadow-large\" src=\"http:\/\/gimise.com\/wp-content\/themes\/highlight\/customizer\/sections\/images\/cropped-girl-2940655_1920.jpg\"><\/div>\n<\/div>\n<\/div>\n<\/div>\n<\/div>\n<\/div><div  id=\"expertise\" class=\"features-16-card-bordered-mc content-section content-section-spacing\" style=\"background-color: #ffffff;\" data-label=\"expertise\" data-id=\"features-16-card-bordered-mc\" data-export-id=\"features-16-card-bordered-mc\" data-bullets-visibility=\"true\" data-category=\"features\">\n<div  class=\"gridContainer\">\n<div  class=\"row text-center\">\n<div  class=\"section-title-col\" data-type=\"column\">\n<h5  class=\"\"><b >EN GIMISE OFRECEMOS<\/b><\/h5>\n<h2  class=\"\">Nuestro <span  style=\"color: #0000ff;\"><em >EXPERTISE!<\/em><\/span><\/h2>\n<p  class=\"lead\">Contamos con m\u00e1s de<b ><u > 38<\/u><\/b>&nbsp;a\u00f1os en la industria Petroqu\u00edmica, Qu\u00edmica, Farmaceutica, Metalmec\u00e1nica, Alimenticia, en las \u00e1reas de Ingenier\u00eda de Proyectos, Mantenimiento, Operaci\u00f3n de Plantas Qu\u00edmicas, Capacitaci\u00f3n, Integraci\u00f3n de sistemas de Calidad, Estudios ATEX, Clasificaci\u00f3n de zonas ATEX, Implementaci\u00f3n de <b >Sistemas de Integridad Mec\u00e1nica<\/b>.<\/p>\n\n<\/div>\n<\/div>\n<div  class=\"row spaced-cols\" data-type=\"row\">\n<div  class=\"col-xs-12 col-sm-6 col-md-4\">\n<div  class=\"card no-padding bordered y-move\"><img decoding=\"async\"  class=\"face\" src=\"http:\/\/gimise.com\/wp-content\/themes\/highlight\/customizer\/sections\/images\/agreement-2548139_1920.jpg\">\n<div  class=\"col-padding-small col-padding-small-xs description-container\" data-type=\"column\">\n<h4  class=\"font-500\"><em ><b >Integridad Mec\u00e1nica<\/b><\/em><\/h4>\n<p  class=\"\">Realizamos: <span  style=\"color: #ff0000;\"><b >Dise\u00f1os de RSP<\/b><\/span> (recipientes sujetos a presi\u00f3n) con software\u00b4s COMPRESS \/ PASS-EQUIP; PND <span  style=\"color: #0000ff;\"><b >Pruebas o ensayos No destructivas<\/b><\/span> (medici\u00f3n de espesores por ultrasonido y l\u00edquidos Penetrantes), \n<br ><br ><span  style=\"color: #ff6600;\"><b >Recalculamos los RSP<\/b><\/span> en su totalidad de elementos, no solo cuerpo y tapas, lo apoyamos a contar con el Dict\u00e1men t\u00e9cnico ante la STPS por medio de la figura UV de acuerdo con la NOM-020-STPS-vigente.\n<br ><br >\n<br >Evaluaci\u00f3n de sistemas de Amoniaco NH3, con la finalidad de garantizar su integridad y fugas de acuerdo con el IIAR<\/p>\n\n<\/div>\n<div  class=\"col-padding-small col-padding-small-xs read-more-container\" data-type=\"column\"><\/div>\n<\/div>\n<\/div>\n<div  class=\"col-xs-12 col-sm-6 col-md-4\">\n<div  class=\"card no-padding bordered y-move\"><img decoding=\"async\"  class=\"face\" src=\"http:\/\/gimise.com\/wp-content\/uploads\/2024\/01\/WhatsApp-Image-2024-01-19-at-08.49.24.jpeg\" title=\"WhatsApp Image 2024-01-19 at 08.49.24\" alt=\"\">\n<div  class=\"col-padding-small col-padding-small-xs description-container\" data-type=\"column\">\n<h4  class=\"font-500\"><em ><b >Ingenier\u00eda Contra Incendio<\/b><\/em>&nbsp;<\/h4>\n\nC\u00e1lculo de Sistemas Contra Incendio determinaci\u00f3n: Capacidad de Bombas, Tanques de almacenamiento, redes contra incendio, Sistemas de Rociadores, Sistemas de Detecci\u00f3n de Incendio, bajo NFPA 70, 72, 20, 13, 15 30, 101\n\n<\/div>\n<div  class=\"col-padding-small col-padding-small-xs read-more-container\" data-type=\"column\"><\/div>\n<\/div>\n<\/div>\n<div  class=\"col-xs-12 col-sm-6 col-md-4\">\n<div  class=\"card no-padding bordered y-move\"><a  data-cp-link=\"1\" href=\"#\" class=\"\"><img decoding=\"async\"  class=\"face\" src=\"http:\/\/gimise.com\/wp-content\/themes\/highlight\/customizer\/sections\/images\/cropped-startup-849804_1920.jpg\"><\/a>\n<div  class=\"col-padding-small col-padding-small-xs description-container\" data-type=\"column\">\n<h4  class=\"font-500\"><em ><b >Re-Ingenier\u00eda y Mantenimento<\/b><\/em><\/h4>\n<p  class=\"\">Aplicamos la <b >Re Ingenier\u00eda a sus Sistemas de Proceso y Contra Incendio<\/b> para mejorarlos.\n<br >\n<br ><br >Por ejemplo: si tiene fallas repetitivas en un equipo de proceso y le est\u00e1 causando perdida en la productividad, le ayudamos a dar una soluci\u00f3n de ra\u00edz con la aplicaci\u00f3n de Re-ingenier\u00eda.\n<br ><br >\n<br ><\/p>\nRealizamos las Pruebas de eficiencia a Bombas Contra Incendio por medio de Boquillas Calibradas.\n\n<\/div>\n<div  class=\"col-padding-small col-padding-small-xs read-more-container\" data-type=\"column\"><\/div>\n<\/div>\n<\/div>\n<div  class=\"col-xs-12 col-sm-6 col-md-4\">\n<div  class=\"card no-padding bordered y-move\">\n<div  class=\"col-padding-small col-padding-small-xs description-container\" data-type=\"column\">\n<h4  class=\"font-500\"><em ><b >Ingenier\u00eda de Proceso<\/b><\/em><\/h4>\n<p  class=\"\"><b >\nC\u00e1lculo, selecci\u00f3n, especificaci\u00f3n de equipos de proceso tale como: Calderas de vapor, Calderas de liquidos t\u00e9rmico, Bombas de pozo profundo, Bombas de proceso (ANSI), compresores de aire (con aceite y libres de aceite) Chiller\u00b4s, Torres de enfriamiento y m\u00e1s\u2026\u2026..<br ><br >C\u00e1lculos de sistemas<\/b> para el manejo de : Q\u00faimicos, Vapor, Agua potable, Aire, Gas LP, Gas Natural, Nitrogeno, Agua de enfriamiento.\n<br >Determinaci\u00f3n de tama\u00f1os &nbsp;econ\u00f3micos de tuberias para proceso.\n<br ><\/p>\n\n<\/div>\n<div  class=\"col-padding-small col-padding-small-xs read-more-container\" data-type=\"column\"><\/div>\n<\/div>\n<\/div><\/div>\n<\/div>\n<\/div><div  id=\"fabricacion\" class=\"content-7-mc content-section content-section-spacing\" style=\"background-color: #f5fafd;\" data-label=\"fabricacion\" data-id=\"content-7-mc\" data-export-id=\"content-7-mc\" data-category=\"content\">\n<div  class=\"gridContainer\">\n<div  class=\"row middle-sm\">\n<div  class=\"col-sm-6 space-bottom-xs\" data-type=\"column\">\n<h2  class=\"\"><strong ><em >Fabricaci\u00f3n de Elementos Mec\u00e1nicos (Maquinados).<\/em><\/strong><\/h2>\nFabricamos Elementos Mec\u00e1nicos como refacciones de maquinar\u00eda por medio de Tornos Horizontales, Fresadoras; tales como: Engranes, boquillas para llevadoras de l\u00edquidos, etc.\n\n\n\n<\/div>\n<div  class=\"col-sm-6\" data-type=\"column\"><img decoding=\"async\"  class=\"shadow-large\" src=\"http:\/\/gimise.com\/wp-content\/uploads\/2024\/01\/Captura-de-pantalla-2024-01-20-a-las-11.54.58\u202fa.m.png\" title=\"Captura de pantalla 2024-01-20 a la(s) 11.54.58\u202fa.m.\" alt=\"\"><\/div>\n<\/div>\n<\/div>\n<\/div><div  id=\"analisis\" class=\"content-8-mc content-section content-section-spacing\" style=\"background-color: #ffffff;\" data-label=\"analisis\" data-id=\"content-8-mc\" data-export-id=\"content-8-mc\" data-category=\"content\">\n<div  class=\"gridContainer\">\n<div  class=\"row middle-sm\">\n<div  class=\"col-sm-6 space-bottom-xs space-top-xs\" data-type=\"column\"><img decoding=\"async\"  class=\"shadow-large\" src=\"http:\/\/gimise.com\/wp-content\/uploads\/2024\/01\/Captura-de-pantalla-2024-01-20-a-las-11.57.42\u202fa.m.png\" title=\"Captura de pantalla 2024-01-20 a la(s) 11.57.42\u202fa.m.\" alt=\"\"><\/div>\n<div  class=\"col-sm-6\" data-type=\"column\">\n<h2  class=\"\"><em >An\u00e1lisis de Riesgos<\/em><\/h2>\nRealizamos an\u00e1lisis de riesgo a las instalaciones y sus procesos utilizamos la metodolog\u00eda de HazOp. Ofrecemos en cada an\u00e1lisis <span  class=\"\" style=\"color: #ff0000;\">Propuestas de Mejora<\/span>.\n\n\n\n<\/div>\n<\/div>\n<\/div>\n<\/div><div  id=\"mantenimiento\" class=\"portfolio-5-mc content-section content-section-spacing section-title-col-white-text bg-color1\" data-label=\"Mantenimiento\" data-id=\"portfolio-5-mc\" data-export-id=\"portfolio-5-mc\" data-bullets-visibility=\"true\" data-category=\"portfolio\">\n<div  class=\"gridContainer\">\n<div  class=\"row text-center\">\n<div  class=\"section-title-col\" data-type=\"column\">\n<h5  class=\"\">Actividades Predictivas que ofrecemos sin detener sus procesos.<\/h5>\n<h2  class=\"\"><em >Mantenimiento Predictivos y Mas !<\/em><\/h2>\n<p  class=\"lead\">Conociendo la importancia de la operaci\u00f3n de los procesos, la seguridad de las personasl y de las instalaciones, lo apoyamos con los servicios Predictivos en:<\/p>\n\n<\/div>\n<\/div>\n<div  class=\"row space-bottom spaced-cols\" data-type=\"row\">\n<div  class=\"col-xs-12 col-sm-4 text-center\">\n<div  class=\"card no-padding bordered\">\n<div  class=\"contentswap-effect contentswap-overlay\" style=\"float: none; margin: 0; width: 100%;\" data-hover-fx=\"portfolio-6\">\n<div  class=\"initial-image\" style=\"float: none; margin: 0;\"><img decoding=\"async\"  class=\"\" src=\"http:\/\/gimise.com\/wp-content\/uploads\/2024\/01\/Captura-de-pantalla-2024-01-20-a-las-11.47.43\u202fa.m.png\" data-size=\"500x333\"><\/div>\n<div  class=\"overlay bg-color6\" style=\"display: block; transition: opacity 800ms ease 0s; -webkit-transition-timing-function: ease; -moz-transition-timing-function: ease; -o-transition-timing-function: ease; transition-timing-function: ease;\"><\/div>\n<div  class=\"swap-inner col-xs-12\" style=\"display: block; transition: all 800ms ease 0s; background-color: rgba(0,0,0,0); margin-top: 0;\">\n<div  class=\"row full-height-row middle-xs middle-sm\">\n<div  class=\"col-xs-12 text-center content-holder\"><a class=\"button small color2\" href=\"#expertise\" target=\"_blank\" data-cp-link=\"1\" rel=\"noopener\">expertise<\/a><\/div>\n<\/div>\n<\/div>\n<\/div>\n<div  class=\"col-xs-12\">\n<div  class=\"space-bottom space-top\" data-type=\"column\">\n<h2  class=\"\"><em >An\u00e1lisis de Vibraciones y An\u00e1lisis de Flexibilidad en tuber\u00edas<\/em><\/h2>\n<p  class=\"small italic\">ANALISIS DE VIBRACIONES\n<br ><br >Evaluamos sus <b >equipos rotativos<\/b> que tengan \u201crodamientos\u201d &nbsp;sin la necesidad de desmontaje, evaluamos su estado en forma r\u00e1pida y predictiva con equipos de alta tecnolog\u00eda de SKF.\n\n<br ><br >ANALISIS DE FLEXIBILIDAD DE TUBERIAS\n<br ><br >Realizamos el an\u00e1lisis de flexibilidad en tuber\u00edas de proceso con software START-PROF, para identificar ubicaci\u00f3n de soportes, tipos de soportes, separaci\u00f3n optima entre ellos, resistencia de tuber\u00eda<br ><br >\n<br ><\/p>\n\n<\/div>\n<\/div>\n<\/div>\n<\/div>\n<div  class=\"col-xs-12 col-sm-4 text-center\">\n<div  class=\"card no-padding bordered\">\n<div  class=\"contentswap-effect contentswap-overlay\" style=\"float: none; margin: 0; width: 100%;\" data-hover-fx=\"portfolio-6\">\n<div  class=\"initial-image\" style=\"float: none; margin: 0;\"><img decoding=\"async\"  class=\"\" src=\"http:\/\/gimise.com\/wp-content\/uploads\/2024\/01\/Captura-de-pantalla-2024-01-20-a-las-11.44.17\u202fa.m.png\" data-size=\"500x333\"><\/div>\n<div  class=\"overlay bg-color6\" style=\"display: block; transition: opacity 800ms ease 0s; -webkit-transition-timing-function: ease; -moz-transition-timing-function: ease; -o-transition-timing-function: ease; transition-timing-function: ease;\"><\/div>\n<div  class=\"swap-inner col-xs-12\" style=\"display: block; transition: all 800ms ease 0s; background-color: rgba(0,0,0,0); margin-top: 0;\">\n<div  class=\"row full-height-row middle-xs middle-sm\">\n<div  class=\"col-xs-12 text-center content-holder\"><a class=\"button small color2\" href=\"#fabricacion\" target=\"_self\" data-cp-link=\"1\" rel=\"noopener\">fabricaci\u00f3n<\/a><\/div>\n<\/div>\n<\/div>\n<\/div>\n<div  class=\"col-xs-12\">\n<div  class=\"space-bottom space-top\" data-type=\"column\">\n<h2  class=\"\"><em >Alineaci\u00f3n Laser<\/em><\/h2>\n<p  class=\"small italic\">Realizamos la verificaci\u00f3n del <b >alineamiento de sus equipos rotativos (motor-bombas, agitadores, moto-reductores, bombas contra incendio)<\/b>, por medio de equipo de \u00faltima tecnolog\u00eda por medio de rayo laser.\n<br ><br >\n<br >Este proceso de evaluaci\u00f3n de alineamiento lo realizamos en un tiempo m\u00e1ximo (de 30 minutos) teniendo todo liberado, con este an\u00e1lisis usted puede evaluar el estado de sus equipos de forma r\u00e1pida y segura.<\/p>\n\n<\/div>\n<\/div>\n<\/div>\n<\/div>\n<div  class=\"col-xs-12 col-sm-4 text-center\">\n<div  class=\"card no-padding bordered\">\n<div  class=\"contentswap-effect contentswap-overlay\" style=\"float: none; margin: 0; width: 100%;\" data-hover-fx=\"portfolio-6\">\n<div  class=\"initial-image\" style=\"float: none; margin: 0;\"><img decoding=\"async\"  class=\"\" src=\"http:\/\/gimise.com\/wp-content\/uploads\/2024\/01\/Captura-de-pantalla-2024-01-20-a-las-11.41.33\u202fa.m.png\" data-size=\"500x333\"><\/div>\n<div  class=\"overlay bg-color6\" style=\"display: block; transition: opacity 800ms ease 0s; -webkit-transition-timing-function: ease; -moz-transition-timing-function: ease; -o-transition-timing-function: ease; transition-timing-function: ease;\"><\/div>\n<div  class=\"swap-inner col-xs-12\" style=\"display: block; transition: all 800ms ease 0s; background-color: rgba(0,0,0,0); margin-top: 0;\">\n<div  class=\"row full-height-row middle-xs middle-sm\">\n<div  class=\"col-xs-12 text-center content-holder\"><a class=\"button small color2\" href=\"#analisis\" target=\"_self\" data-cp-link=\"1\" rel=\"noopener\">an\u00e1lisis<\/a><\/div>\n<\/div>\n<\/div>\n<\/div>\n<div  class=\"col-xs-12\">\n<div  class=\"space-bottom space-top\" data-type=\"column\">\n<h2  class=\"\"><em >Termograf\u00eda Industrial para zonas ATEX con equipo Certificado, con mayor seguridad<\/em><\/h2>\n<p  class=\"small italic\">Inspeccionamos de puntos calientes por medio de termograf\u00eda a equipos (<b >calderas, bombas, tableros el\u00e9ctricos<\/b>) de instalaciones con finalidad de evitar paros en sistemas de baja tensi\u00f3n y equipos en general\n<br ><br >\n<br ><br >Para aumentar la seguridad en el proceso de termograf\u00eda industrial utilizamos camar\u00e1 con CERTIFICACION IEC,IECEx, para zonas Ex<\/p>\n\n<\/div>\n<\/div>\n<\/div>\n<\/div>\n<\/div>\n<div  class=\"row\">\n<div  class=\"col-xs-12 text-center\" data-type=\"column\"><\/div>\n<\/div>\n<\/div>\n<\/div><div  id=\"cta-1\" class=\"cta-blue-section-mc content-section content-section-spacing le_cocktail white-text\" style=\"background-color: #f5fafd;\" data-label=\"Cta\" data-id=\"cta-blue-section-mc\" data-export-id=\"cta-blue-section-mc\" data-category=\"cta\">\n<div  class=\"gridContainer\">\n<div  class=\"row middle-xs\">\n<div  class=\"col-sm-8 space-bottom-xs\" data-type=\"column\">\n<h2  class=\"\">Si tiene problemas con sus &nbsp; &nbsp; &nbsp; &nbsp; &nbsp; &nbsp; &nbsp; &nbsp; &nbsp; &nbsp; &nbsp; &nbsp; &nbsp; &nbsp; sistemas \u00f3 equipos, puede consultar con nosotros,\n<br ><br ><b >\u00a1Sin costo por pre-evaluaci\u00f3n! <\/b>&nbsp; \n<br >&nbsp; &nbsp; &nbsp; &nbsp; &nbsp; gimise@gimise.com<\/h2>\n<\/div>\n<div  class=\"col-sm-4 end-sm\" data-type=\"column\"><\/div>\n<\/div>\n<\/div>\n<\/div><div  data-label=\"Team\" data-id=\"about--1\" data-export-id=\"about-1\" data-category=\"about\" class=\"about-1 content-section\" id=\"team\" style=\"background-color: rgb(245, 250, 253);\"><div  class=\"gridContainer\"> <div  class=\"row text-center\"><div  class=\"section-title-col\" data-type=\"column\"> <h5  class=\"\">NUESTRO CAPITAL HUMANO<\/h5> <h2  class=\"\">Trabajo en equipo \u00ab100%\u00bb<\/h2> <p  class=\"lead\">El capital humano que trabaja en <b ><i >GIMISE<\/i><\/b> en todo momento pensando en el beneficio t\u00e9cnico-econ\u00f3mico, en la seguridad de su personas, sus instalaciones y en la mayor eficiencia para el ahorro de energ\u00eda y otros m\u00e1s.<\/p><\/div> <\/div> <div  class=\"row\"> <div  class=\"button-holder space-bottom space-bottom-small\" data-type=\"column\"> <\/div> <div  class=\"col-xs bottom-xs flexbox image-group-bottom-3-img space-bottom-xs center-xs\"> <img decoding=\"async\"  class=\"left-img shadow-large-black\" data-size=\"500x300\" src=\"http:\/\/gimise.com\/wp-content\/plugins\/mesmerize-companion\/theme-data\/mesmerize\/sections\/images\/computer-2569652.jpg\"> <img decoding=\"async\"  class=\"center-img shadow-large-black\" data-size=\"500x300\" src=\"http:\/\/gimise.com\/wp-content\/plugins\/mesmerize-companion\/theme-data\/mesmerize\/sections\/images\/apple-1838564.jpg\"> <img decoding=\"async\"  class=\"right-img shadow-large-black\" data-size=\"500x300\" src=\"http:\/\/gimise.com\/wp-content\/plugins\/mesmerize-companion\/theme-data\/mesmerize\/sections\/images\/laptop-2559795.jpg\"><\/div> <\/div><\/div> <\/div><div  id=\"contact-1\" class=\"contact-1-mc content-section content-section-spacing white-text\" style=\"background-color: rgb(255, 255, 255); background-image: url(http:\/\/gimise.com\/wp-content\/uploads\/2018\/12\/yannis-papanastasopoulos-340526-unsplash.jpg); background-size: cover; background-position: center top;\" data-label=\"Contact\" data-id=\"contact-1-mc\" data-export-id=\"contact-1-mc\" data-category=\"contact\" data-parallax-depth=\"20\" data-bullets-visibility=\"true\">\n<div  class=\"gridContainer\">\n<div  class=\"row text-center\">\n<div  class=\"section-title-col\" data-type=\"column\">\n<h5  class=\"\">Contacte con <b >GIMISE<\/b><\/h5>\n\n<p  class=\"lead\">Le ofrecemos el apoyo Profesional para Optimizar sus Procesos y la Seguridad de sus Instalaciones, aplicando tecnolog\u00eda de punta.<br ><br >gimise@gimise.com;&nbsp;tel: &nbsp;(52) 55 57 49 20 64; &nbsp;(55) 51 48 42 26<\/p>\n\n<\/div>\n<\/div>\n<div  class=\"row text-center\">\n<div  class=\"col-xs-12 col-sm-8 col-sm-offset-2 contact-form-wrapper inline-info\">\n<div  class=\"card large-padding\">\n<div  class=\"\" data-content-shortcode=\"mesmerize_contact_form shortcode=&quot;email:&quot;\" data-editable=\"true\">[email:]<\/div>\n<div  class=\"\" data-content-shortcode=\"mesmerize_contact_form shortcode=&quot;NOMBRE, DIRECCION&quot;\" data-editable=\"true\">[NOMBRE, DIRECCION]<\/div>\n<div  class=\"\" data-content-shortcode=\"mesmerize_contact_form shortcode=&quot;nombre&quot;\" data-editable=\"true\">[nombre]<\/div>\n<\/div>\n<\/div>\n<\/div>\n<\/div>\n<\/div>","protected":false},"excerpt":{"rendered":"<p>DISE\u00d1O SISTEMAS DE ROCIADORES Dise\u00f1amos los&nbsp;SISTEMAS DE ROCIADORES con base a requerimientos Internacionales y con apego a NFPA o FM. Revisamos los dise\u00f1os realizados por terceros con la finalidad de evaluar el cumplimiento de C\u00f3digos, Costos vs Seguridad.&nbsp; DISE\u00d1O SISTEMA DE ALARMA,DETECCION Y AGENTES LIMPIOS Dise\u00f1amos los SISTEMAS DE ALARMA, DETECCI\u00d3N Y NOTIFICACI\u00d3N con forme&hellip; <br \/> <a class=\"read-more\" href=\"https:\/\/gimise.com\/\">Leer m\u00e1s<\/a><\/p>\n","protected":false},"author":1,"featured_media":0,"parent":0,"menu_order":0,"comment_status":"closed","ping_status":"closed","template":"page-templates\/homepage.php","meta":{"footnotes":""},"_links":{"self":[{"href":"https:\/\/gimise.com\/index.php?rest_route=\/wp\/v2\/pages\/79"}],"collection":[{"href":"https:\/\/gimise.com\/index.php?rest_route=\/wp\/v2\/pages"}],"about":[{"href":"https:\/\/gimise.com\/index.php?rest_route=\/wp\/v2\/types\/page"}],"author":[{"embeddable":true,"href":"https:\/\/gimise.com\/index.php?rest_route=\/wp\/v2\/users\/1"}],"replies":[{"embeddable":true,"href":"https:\/\/gimise.com\/index.php?rest_route=%2Fwp%2Fv2%2Fcomments&post=79"}],"version-history":[{"count":98,"href":"https:\/\/gimise.com\/index.php?rest_route=\/wp\/v2\/pages\/79\/revisions"}],"predecessor-version":[{"id":315,"href":"https:\/\/gimise.com\/index.php?rest_route=\/wp\/v2\/pages\/79\/revisions\/315"}],"wp:attachment":[{"href":"https:\/\/gimise.com\/index.php?rest_route=%2Fwp%2Fv2%2Fmedia&parent=79"}],"curies":[{"name":"wp","href":"https:\/\/api.w.org\/{rel}","templated":true}]}}